{"id":647,"date":"2019-03-04T10:31:19","date_gmt":"2019-03-04T07:31:19","guid":{"rendered":"http:\/\/ft.com.tr\/ru\/?page_id=647"},"modified":"2021-01-26T13:26:35","modified_gmt":"2021-01-26T10:26:35","slug":"kurumsal","status":"publish","type":"page","link":"https:\/\/ft.com.tr\/ru\/kurumsal\/","title":{"rendered":"Kurumsal"},"content":{"rendered":"\t\t<div data-elementor-type=\"wp-post\" data-elementor-id=\"647\" class=\"elementor elementor-647\">\n\t\t\t\t\t\t<section class=\"elementor-section elementor-top-section elementor-element elementor-element-6935a77 elementor-section-stretched elementor-section-boxed elementor-section-height-default elementor-section-height-default\" data-id=\"6935a77\" data-element_type=\"section\" data-e-type=\"section\" data-settings=\"{&quot;stretch_section&quot;:&quot;section-stretched&quot;}\">\n\t\t\t\t\t\t<div class=\"elementor-container elementor-column-gap-default\">\n\t\t\t\t\t<div class=\"elementor-column elementor-col-100 elementor-top-column elementor-element elementor-element-41017a0\" data-id=\"41017a0\" data-element_type=\"column\" data-e-type=\"column\">\n\t\t\t<div class=\"elementor-widget-wrap elementor-element-populated\">\n\t\t\t\t\t\t<div class=\"elementor-element elementor-element-29ea2c2 elementor-widget elementor-widget-heading\" data-id=\"29ea2c2\" data-element_type=\"widget\" data-e-type=\"widget\" data-widget_type=\"heading.default\">\n\t\t\t\t<div class=\"elementor-widget-container\">\n\t\t\t\t\t<h2 class=\"elementor-heading-title elementor-size-default\">FT Metal ve Ba\u011flant\u0131 Ekipmanlar\u0131 San. Tic. A.\u015e.<\/h2>\t\t\t\t<\/div>\n\t\t\t\t<\/div>\n\t\t\t\t\t<\/div>\n\t\t<\/div>\n\t\t\t\t\t<\/div>\n\t\t<\/section>\n\t\t\t\t<section class=\"elementor-section elementor-top-section elementor-element elementor-element-169aada elementor-section-boxed elementor-section-height-default elementor-section-height-default\" data-id=\"169aada\" data-element_type=\"section\" data-e-type=\"section\">\n\t\t\t\t\t\t<div class=\"elementor-container elementor-column-gap-default\">\n\t\t\t\t\t<div class=\"elementor-column elementor-col-100 elementor-top-column elementor-element elementor-element-3d4ef5c\" data-id=\"3d4ef5c\" data-element_type=\"column\" data-e-type=\"column\">\n\t\t\t<div class=\"elementor-widget-wrap elementor-element-populated\">\n\t\t\t\t\t\t<div class=\"elementor-element elementor-element-5923a6e elementor-widget elementor-widget-heading\" data-id=\"5923a6e\" data-element_type=\"widget\" data-e-type=\"widget\" data-widget_type=\"heading.default\">\n\t\t\t\t<div class=\"elementor-widget-container\">\n\t\t\t\t\t<h3 class=\"elementor-heading-title elementor-size-default\">\u041a\u0430\u0447\u0435\u0441\u0442\u0432\u0435\u043d\u043d\u0430\u044f \u043f\u0440\u043e\u0434\u0443\u043a\u0446\u0438\u044f, \u043e\u0440\u0438\u0435\u043d\u0442\u0438\u0440\u043e\u0432\u0430\u043d\u043d\u0430\u044f \u043d\u0430 \u043a\u043b\u0438\u0435\u043d\u0442\u0430<\/h3>\t\t\t\t<\/div>\n\t\t\t\t<\/div>\n\t\t\t\t\t<\/div>\n\t\t<\/div>\n\t\t\t\t\t<\/div>\n\t\t<\/section>\n\t\t\t\t<section class=\"elementor-section elementor-top-section elementor-element elementor-element-d09c5ad elementor-section-stretched elementor-section-boxed elementor-section-height-default elementor-section-height-default\" data-id=\"d09c5ad\" data-element_type=\"section\" data-e-type=\"section\" data-settings=\"{&quot;stretch_section&quot;:&quot;section-stretched&quot;}\">\n\t\t\t\t\t\t<div class=\"elementor-container elementor-column-gap-default\">\n\t\t\t\t\t<div class=\"elementor-column elementor-col-33 elementor-top-column elementor-element elementor-element-1c3dd4b\" data-id=\"1c3dd4b\" data-element_type=\"column\" data-e-type=\"column\">\n\t\t\t<div class=\"elementor-widget-wrap elementor-element-populated\">\n\t\t\t\t\t\t<div class=\"elementor-element elementor-element-bbd848b eael-infobox-content-align--center eael-infobox-icon-bg-shape-none eael-infobox-icon-hover-bg-shape-none elementor-widget elementor-widget-eael-info-box\" data-id=\"bbd848b\" data-element_type=\"widget\" data-e-type=\"widget\" data-widget_type=\"eael-info-box.default\">\n\t\t\t\t<div class=\"elementor-widget-container\">\n\t\t\t\t\t        <div class=\"eael-infobox icon-on-top\">\n\t            <div class=\"infobox-icon elementor-animation-pulse eael-icon-only\">\n\n            \n                            <div class=\"infobox-icon-wrap\">\n                    <i aria-hidden=\"true\" class=\"fas fa-industry\"><\/i>                <\/div>\n            \n            \n        <\/div>\n            <div class=\"infobox-content eael-icon-only\">\n                    <div class=\"infobox-title-section\">\n                <h2 class=\"title\">\u041e \u043d\u0430\u0441<\/h2>            <\/div>\n            <div><p>M\u00fc\u015fteri odakl\u0131, ekonomik ve kaliteli \u00fcretimimiz ile b\u00fcy\u00fck ana sanayi firmalar\u0131na yan sanayi olarak par\u00e7a \u00fcretimi yan\u0131 s\u0131ra,<\/p><\/div>        <div class=\"infobox-button\">\n            <a class=\"eael-infobox-button\" href=\"http:\/\/ft.com.tr\/ru\/kurumsal\/hakkimizda\/\">\n                                                <span class=\"infobox-button-text\">\u041f\u043e\u0434\u0440\u043e\u0431\u043d\u0435\u0435...<\/span>\n                            <\/a>\n        <\/div>\n            <\/div>\n            <\/div>\n\n\t\t\t\t\t\t<\/div>\n\t\t\t\t<\/div>\n\t\t\t\t\t<\/div>\n\t\t<\/div>\n\t\t\t\t<div class=\"elementor-column elementor-col-33 elementor-top-column elementor-element elementor-element-8c53d19\" data-id=\"8c53d19\" data-element_type=\"column\" data-e-type=\"column\">\n\t\t\t<div class=\"elementor-widget-wrap elementor-element-populated\">\n\t\t\t\t\t\t<div class=\"elementor-element elementor-element-c73dec7 eael-infobox-content-align--center eael-infobox-icon-bg-shape-none eael-infobox-icon-hover-bg-shape-none elementor-widget elementor-widget-eael-info-box\" data-id=\"c73dec7\" data-element_type=\"widget\" data-e-type=\"widget\" data-widget_type=\"eael-info-box.default\">\n\t\t\t\t<div class=\"elementor-widget-container\">\n\t\t\t\t\t        <div class=\"eael-infobox icon-on-top\">\n\t            <div class=\"infobox-icon elementor-animation-pulse eael-icon-only\">\n\n            \n                            <div class=\"infobox-icon-wrap\">\n                    <i aria-hidden=\"true\" class=\"fas fa-door-open\"><\/i>                <\/div>\n            \n            \n        <\/div>\n            <div class=\"infobox-content eael-icon-only\">\n                    <div class=\"infobox-title-section\">\n                <h2 class=\"title\">\u0412\u0438\u0434\u0435\u043d\u0438\u0435 &amp; \u041c\u0438\u0441\u0441\u0438\u044f<\/h2>            <\/div>\n            <div>Firmam\u0131z\u0131n vizyonu ve misyonu hakk\u0131nda bilgi edinin.<\/div>        <div class=\"infobox-button\">\n            <a class=\"eael-infobox-button\" href=\"http:\/\/ft.com.tr\/ru\/kurumsal\/misyon-vizyon\/\">\n                                                <span class=\"infobox-button-text\">\u041f\u043e\u0434\u0440\u043e\u0431\u043d\u0435\u0435...<\/span>\n                            <\/a>\n        <\/div>\n            <\/div>\n            <\/div>\n\n\t\t\t\t\t\t<\/div>\n\t\t\t\t<\/div>\n\t\t\t\t\t<\/div>\n\t\t<\/div>\n\t\t\t\t<div class=\"elementor-column elementor-col-33 elementor-top-column elementor-element elementor-element-3652df4\" data-id=\"3652df4\" data-element_type=\"column\" data-e-type=\"column\">\n\t\t\t<div class=\"elementor-widget-wrap elementor-element-populated\">\n\t\t\t\t\t\t<div class=\"elementor-element elementor-element-d8132f5 eael-infobox-content-align--center eael-infobox-icon-bg-shape-none eael-infobox-icon-hover-bg-shape-none elementor-widget elementor-widget-eael-info-box\" data-id=\"d8132f5\" data-element_type=\"widget\" data-e-type=\"widget\" data-widget_type=\"eael-info-box.default\">\n\t\t\t\t<div class=\"elementor-widget-container\">\n\t\t\t\t\t        <div class=\"eael-infobox icon-on-top\">\n\t            <div class=\"infobox-icon elementor-animation-pulse eael-icon-only\">\n\n            \n                            <div class=\"infobox-icon-wrap\">\n                    <i aria-hidden=\"true\" class=\"fas fa-check-double\"><\/i>                <\/div>\n            \n            \n        <\/div>\n            <div class=\"infobox-content eael-icon-only\">\n                    <div class=\"infobox-title-section\">\n                <h2 class=\"title\">\u041d\u0430\u0448\u0430 \u043f\u043e\u043b\u0438\u0442\u0438\u043a\u0430 \u041c\u041e\u0422<\/h2>            <\/div>\n            <div>FT Metal olarak kaliteye verdi\u011fimiz \u00f6nem ve neler yapt\u0131\u011f\u0131m\u0131z hakk\u0131nda bilgi al\u0131n.<\/div>        <div class=\"infobox-button\">\n            <a class=\"eael-infobox-button\" href=\"http:\/\/ft.com.tr\/ru\/kurumsal\/kalite-politikamiz\/\">\n                                                <span class=\"infobox-button-text\">\u041f\u043e\u0434\u0440\u043e\u0431\u043d\u0435\u0435...<\/span>\n                            <\/a>\n        <\/div>\n            <\/div>\n            <\/div>\n\n\t\t\t\t\t\t<\/div>\n\t\t\t\t<\/div>\n\t\t\t\t\t<\/div>\n\t\t<\/div>\n\t\t\t\t\t<\/div>\n\t\t<\/section>\n\t\t\t\t<\/div>\n\t\t","protected":false},"excerpt":{"rendered":"<p>FT Metal ve Ba\u011flant\u0131 Ekipmanlar\u0131 San. Tic. A.\u015e. \u041a\u0430\u0447\u0435\u0441\u0442\u0432\u0435\u043d\u043d\u0430\u044f \u043f\u0440\u043e\u0434\u0443\u043a\u0446\u0438\u044f, \u043e\u0440\u0438\u0435\u043d\u0442\u0438\u0440\u043e\u0432\u0430\u043d\u043d\u0430\u044f \u043d\u0430 \u043a\u043b\u0438\u0435\u043d\u0442\u0430 \u041e \u043d\u0430\u0441 M\u00fc\u015fteri odakl\u0131, ekonomik ve kaliteli \u00fcretimimiz ile b\u00fcy\u00fck ana sanayi firmalar\u0131na yan sanayi olarak par\u00e7a \u00fcretimi yan\u0131 s\u0131ra, \u041f\u043e\u0434\u0440\u043e\u0431\u043d\u0435\u0435&#8230; \u0412\u0438\u0434\u0435\u043d\u0438\u0435 &amp; \u041c\u0438\u0441\u0441\u0438\u044f Firmam\u0131z\u0131n vizyonu ve misyonu hakk\u0131nda bilgi edinin. \u041f\u043e\u0434\u0440\u043e\u0431\u043d\u0435\u0435&#8230; \u041d\u0430\u0448\u0430 \u043f\u043e\u043b\u0438\u0442\u0438\u043a\u0430 \u041c\u041e\u0422 FT Metal olarak kaliteye verdi\u011fimiz \u00f6nem ve &#8230; <a title=\"Kurumsal\" class=\"read-more\" href=\"https:\/\/ft.com.tr\/ru\/kurumsal\/\">Read more<\/a><\/p>\n","protected":false},"author":1,"featured_media":0,"parent":0,"menu_order":0,"comment_status":"closed","ping_status":"closed","template":"","meta":{"nf_dc_page":"","_crdt_document":"","om_disable_all_campaigns":false,"_monsterinsights_skip_tracking":false,"_monsterinsights_sitenote_active":false,"_monsterinsights_sitenote_note":"","_monsterinsights_sitenote_category":0,"footnotes":""},"class_list":["post-647","page","type-page","status-publish"],"yoast_head":"<!-- This site is optimized with the Yoast SEO plugin v27.5 - https:\/\/yoast.com\/product\/yoast-seo-wordpress\/ -->\n<title>Kurumsal - FT Metal<\/title>\n<meta name=\"robots\" content=\"index, follow, max-snippet:-1, max-image-preview:large, max-video-preview:-1\" \/>\n<link rel=\"canonical\" href=\"https:\/\/ft.com.tr\/ru\/kurumsal\/\" \/>\n<meta property=\"og:locale\" content=\"ru_RU\" \/>\n<meta property=\"og:type\" content=\"article\" \/>\n<meta property=\"og:title\" content=\"Kurumsal - FT Metal\" \/>\n<meta property=\"og:description\" content=\"FT Metal ve Ba\u011flant\u0131 Ekipmanlar\u0131 San. Tic. A.\u015e. \u041a\u0430\u0447\u0435\u0441\u0442\u0432\u0435\u043d\u043d\u0430\u044f \u043f\u0440\u043e\u0434\u0443\u043a\u0446\u0438\u044f, \u043e\u0440\u0438\u0435\u043d\u0442\u0438\u0440\u043e\u0432\u0430\u043d\u043d\u0430\u044f \u043d\u0430 \u043a\u043b\u0438\u0435\u043d\u0442\u0430 \u041e \u043d\u0430\u0441 M\u00fc\u015fteri odakl\u0131, ekonomik ve kaliteli \u00fcretimimiz ile b\u00fcy\u00fck ana sanayi firmalar\u0131na yan sanayi olarak par\u00e7a \u00fcretimi yan\u0131 s\u0131ra, \u041f\u043e\u0434\u0440\u043e\u0431\u043d\u0435\u0435&#8230; \u0412\u0438\u0434\u0435\u043d\u0438\u0435 &amp; \u041c\u0438\u0441\u0441\u0438\u044f Firmam\u0131z\u0131n vizyonu ve misyonu hakk\u0131nda bilgi edinin. \u041f\u043e\u0434\u0440\u043e\u0431\u043d\u0435\u0435&#8230; \u041d\u0430\u0448\u0430 \u043f\u043e\u043b\u0438\u0442\u0438\u043a\u0430 \u041c\u041e\u0422 FT Metal olarak kaliteye verdi\u011fimiz \u00f6nem ve ... Read more\" \/>\n<meta property=\"og:url\" content=\"https:\/\/ft.com.tr\/ru\/kurumsal\/\" \/>\n<meta property=\"og:site_name\" content=\"FT Metal\" \/>\n<meta property=\"article:modified_time\" content=\"2021-01-26T10:26:35+00:00\" \/>\n<meta name=\"twitter:card\" content=\"summary_large_image\" \/>\n<script type=\"application\/ld+json\" class=\"yoast-schema-graph\">{\"@context\":\"https:\\\/\\\/schema.org\",\"@graph\":[{\"@type\":\"WebPage\",\"@id\":\"https:\\\/\\\/ft.com.tr\\\/ru\\\/kurumsal\\\/\",\"url\":\"https:\\\/\\\/ft.com.tr\\\/ru\\\/kurumsal\\\/\",\"name\":\"Kurumsal - FT Metal\",\"isPartOf\":{\"@id\":\"https:\\\/\\\/ft.com.tr\\\/ru\\\/#website\"},\"datePublished\":\"2019-03-04T07:31:19+00:00\",\"dateModified\":\"2021-01-26T10:26:35+00:00\",\"breadcrumb\":{\"@id\":\"https:\\\/\\\/ft.com.tr\\\/ru\\\/kurumsal\\\/#breadcrumb\"},\"inLanguage\":\"ru-RU\",\"potentialAction\":[{\"@type\":\"ReadAction\",\"target\":[\"https:\\\/\\\/ft.com.tr\\\/ru\\\/kurumsal\\\/\"]}]},{\"@type\":\"BreadcrumbList\",\"@id\":\"https:\\\/\\\/ft.com.tr\\\/ru\\\/kurumsal\\\/#breadcrumb\",\"itemListElement\":[{\"@type\":\"ListItem\",\"position\":1,\"name\":\"Ana sayfa\",\"item\":\"https:\\\/\\\/ft.com.tr\\\/ru\\\/\"},{\"@type\":\"ListItem\",\"position\":2,\"name\":\"Kurumsal\"}]},{\"@type\":\"WebSite\",\"@id\":\"https:\\\/\\\/ft.com.tr\\\/ru\\\/#website\",\"url\":\"https:\\\/\\\/ft.com.tr\\\/ru\\\/\",\"name\":\"FT Metal\",\"description\":\"\",\"publisher\":{\"@id\":\"https:\\\/\\\/ft.com.tr\\\/ru\\\/#organization\"},\"potentialAction\":[{\"@type\":\"SearchAction\",\"target\":{\"@type\":\"EntryPoint\",\"urlTemplate\":\"https:\\\/\\\/ft.com.tr\\\/ru\\\/?s={search_term_string}\"},\"query-input\":{\"@type\":\"PropertyValueSpecification\",\"valueRequired\":true,\"valueName\":\"search_term_string\"}}],\"inLanguage\":\"ru-RU\"},{\"@type\":\"Organization\",\"@id\":\"https:\\\/\\\/ft.com.tr\\\/ru\\\/#organization\",\"name\":\"FT Metal ve Ba\u011flant\u0131 Ekipmanlar\u0131 San. Tic. A.\u015e.\",\"url\":\"https:\\\/\\\/ft.com.tr\\\/ru\\\/\",\"logo\":{\"@type\":\"ImageObject\",\"inLanguage\":\"ru-RU\",\"@id\":\"https:\\\/\\\/ft.com.tr\\\/ru\\\/#\\\/schema\\\/logo\\\/image\\\/\",\"url\":\"https:\\\/\\\/ft.com.tr\\\/ru\\\/wp-content\\\/uploads\\\/2018\\\/12\\\/logo-ft.png\",\"contentUrl\":\"https:\\\/\\\/ft.com.tr\\\/ru\\\/wp-content\\\/uploads\\\/2018\\\/12\\\/logo-ft.png\",\"width\":81,\"height\":55,\"caption\":\"FT Metal ve Ba\u011flant\u0131 Ekipmanlar\u0131 San. Tic. A.\u015e.\"},\"image\":{\"@id\":\"https:\\\/\\\/ft.com.tr\\\/ru\\\/#\\\/schema\\\/logo\\\/image\\\/\"}}]}<\/script>\n<!-- \/ Yoast SEO plugin. -->","yoast_head_json":{"title":"Kurumsal - FT Metal","robots":{"index":"index","follow":"follow","max-snippet":"max-snippet:-1","max-image-preview":"max-image-preview:large","max-video-preview":"max-video-preview:-1"},"canonical":"https:\/\/ft.com.tr\/ru\/kurumsal\/","og_locale":"ru_RU","og_type":"article","og_title":"Kurumsal - FT Metal","og_description":"FT Metal ve Ba\u011flant\u0131 Ekipmanlar\u0131 San. Tic. A.\u015e. \u041a\u0430\u0447\u0435\u0441\u0442\u0432\u0435\u043d\u043d\u0430\u044f \u043f\u0440\u043e\u0434\u0443\u043a\u0446\u0438\u044f, \u043e\u0440\u0438\u0435\u043d\u0442\u0438\u0440\u043e\u0432\u0430\u043d\u043d\u0430\u044f \u043d\u0430 \u043a\u043b\u0438\u0435\u043d\u0442\u0430 \u041e \u043d\u0430\u0441 M\u00fc\u015fteri odakl\u0131, ekonomik ve kaliteli \u00fcretimimiz ile b\u00fcy\u00fck ana sanayi firmalar\u0131na yan sanayi olarak par\u00e7a \u00fcretimi yan\u0131 s\u0131ra, \u041f\u043e\u0434\u0440\u043e\u0431\u043d\u0435\u0435&#8230; \u0412\u0438\u0434\u0435\u043d\u0438\u0435 &amp; \u041c\u0438\u0441\u0441\u0438\u044f Firmam\u0131z\u0131n vizyonu ve misyonu hakk\u0131nda bilgi edinin. \u041f\u043e\u0434\u0440\u043e\u0431\u043d\u0435\u0435&#8230; \u041d\u0430\u0448\u0430 \u043f\u043e\u043b\u0438\u0442\u0438\u043a\u0430 \u041c\u041e\u0422 FT Metal olarak kaliteye verdi\u011fimiz \u00f6nem ve ... Read more","og_url":"https:\/\/ft.com.tr\/ru\/kurumsal\/","og_site_name":"FT Metal","article_modified_time":"2021-01-26T10:26:35+00:00","twitter_card":"summary_large_image","schema":{"@context":"https:\/\/schema.org","@graph":[{"@type":"WebPage","@id":"https:\/\/ft.com.tr\/ru\/kurumsal\/","url":"https:\/\/ft.com.tr\/ru\/kurumsal\/","name":"Kurumsal - FT Metal","isPartOf":{"@id":"https:\/\/ft.com.tr\/ru\/#website"},"datePublished":"2019-03-04T07:31:19+00:00","dateModified":"2021-01-26T10:26:35+00:00","breadcrumb":{"@id":"https:\/\/ft.com.tr\/ru\/kurumsal\/#breadcrumb"},"inLanguage":"ru-RU","potentialAction":[{"@type":"ReadAction","target":["https:\/\/ft.com.tr\/ru\/kurumsal\/"]}]},{"@type":"BreadcrumbList","@id":"https:\/\/ft.com.tr\/ru\/kurumsal\/#breadcrumb","itemListElement":[{"@type":"ListItem","position":1,"name":"Ana sayfa","item":"https:\/\/ft.com.tr\/ru\/"},{"@type":"ListItem","position":2,"name":"Kurumsal"}]},{"@type":"WebSite","@id":"https:\/\/ft.com.tr\/ru\/#website","url":"https:\/\/ft.com.tr\/ru\/","name":"FT Metal","description":"","publisher":{"@id":"https:\/\/ft.com.tr\/ru\/#organization"},"potentialAction":[{"@type":"SearchAction","target":{"@type":"EntryPoint","urlTemplate":"https:\/\/ft.com.tr\/ru\/?s={search_term_string}"},"query-input":{"@type":"PropertyValueSpecification","valueRequired":true,"valueName":"search_term_string"}}],"inLanguage":"ru-RU"},{"@type":"Organization","@id":"https:\/\/ft.com.tr\/ru\/#organization","name":"FT Metal ve Ba\u011flant\u0131 Ekipmanlar\u0131 San. Tic. A.\u015e.","url":"https:\/\/ft.com.tr\/ru\/","logo":{"@type":"ImageObject","inLanguage":"ru-RU","@id":"https:\/\/ft.com.tr\/ru\/#\/schema\/logo\/image\/","url":"https:\/\/ft.com.tr\/ru\/wp-content\/uploads\/2018\/12\/logo-ft.png","contentUrl":"https:\/\/ft.com.tr\/ru\/wp-content\/uploads\/2018\/12\/logo-ft.png","width":81,"height":55,"caption":"FT Metal ve Ba\u011flant\u0131 Ekipmanlar\u0131 San. Tic. A.\u015e."},"image":{"@id":"https:\/\/ft.com.tr\/ru\/#\/schema\/logo\/image\/"}}]}},"jetpack_sharing_enabled":true,"_links":{"self":[{"href":"https:\/\/ft.com.tr\/ru\/wp-json\/wp\/v2\/pages\/647","targetHints":{"allow":["GET"]}}],"collection":[{"href":"https:\/\/ft.com.tr\/ru\/wp-json\/wp\/v2\/pages"}],"about":[{"href":"https:\/\/ft.com.tr\/ru\/wp-json\/wp\/v2\/types\/page"}],"author":[{"embeddable":true,"href":"https:\/\/ft.com.tr\/ru\/wp-json\/wp\/v2\/users\/1"}],"replies":[{"embeddable":true,"href":"https:\/\/ft.com.tr\/ru\/wp-json\/wp\/v2\/comments?post=647"}],"version-history":[{"count":38,"href":"https:\/\/ft.com.tr\/ru\/wp-json\/wp\/v2\/pages\/647\/revisions"}],"predecessor-version":[{"id":1830,"href":"https:\/\/ft.com.tr\/ru\/wp-json\/wp\/v2\/pages\/647\/revisions\/1830"}],"wp:attachment":[{"href":"https:\/\/ft.com.tr\/ru\/wp-json\/wp\/v2\/media?parent=647"}],"curies":[{"name":"wp","href":"https:\/\/api.w.org\/{rel}","templated":true}]}}