{"id":634,"date":"2019-03-04T10:14:51","date_gmt":"2019-03-04T07:14:51","guid":{"rendered":"http:\/\/ft.com.tr\/ru\/?page_id=634"},"modified":"2021-01-05T08:16:29","modified_gmt":"2021-01-05T05:16:29","slug":"kalite-politikamiz","status":"publish","type":"page","link":"https:\/\/ft.com.tr\/ru\/kurumsal\/kalite-politikamiz\/","title":{"rendered":"Kalite"},"content":{"rendered":"\t\t<div data-elementor-type=\"wp-post\" data-elementor-id=\"634\" class=\"elementor elementor-634\">\n\t\t\t\t\t\t<section class=\"elementor-section elementor-top-section elementor-element elementor-element-4a4b037 elementor-section-stretched elementor-section-boxed elementor-section-height-default elementor-section-height-default\" data-id=\"4a4b037\" data-element_type=\"section\" data-e-type=\"section\" data-settings=\"{&quot;stretch_section&quot;:&quot;section-stretched&quot;}\">\n\t\t\t\t\t\t<div class=\"elementor-container elementor-column-gap-default\">\n\t\t\t\t\t<div class=\"elementor-column elementor-col-100 elementor-top-column elementor-element elementor-element-14f6d63\" data-id=\"14f6d63\" data-element_type=\"column\" data-e-type=\"column\">\n\t\t\t<div class=\"elementor-widget-wrap elementor-element-populated\">\n\t\t\t\t\t\t<div class=\"elementor-element elementor-element-141685b elementor-widget elementor-widget-heading\" data-id=\"141685b\" data-element_type=\"widget\" data-e-type=\"widget\" data-widget_type=\"heading.default\">\n\t\t\t\t<div class=\"elementor-widget-container\">\n\t\t\t\t\t<h2 class=\"elementor-heading-title elementor-size-default\">\u0421\u0438\u0441\u0442\u0435\u043c\u0430 \u0423\u043f\u0440\u0430\u0432\u043b\u0435\u043d\u0438\u044f \u041a\u0430\u0447\u0435\u0441\u0442\u0432\u043e\u043c<\/h2>\t\t\t\t<\/div>\n\t\t\t\t<\/div>\n\t\t\t\t<div class=\"elementor-element elementor-element-8e61c08 elementor-widget elementor-widget-heading\" data-id=\"8e61c08\" data-element_type=\"widget\" data-e-type=\"widget\" data-widget_type=\"heading.default\">\n\t\t\t\t<div class=\"elementor-widget-container\">\n\t\t\t\t\t<h3 class=\"elementor-heading-title elementor-size-default\">\u0412 2018 \u0433\u043e\u0434\u0443 \u043d\u0430\u0448\u0430 \u0441\u0438\u0441\u0442\u0435\u043c\u0430 \u0443\u043f\u0440\u0430\u0432\u043b\u0435\u043d\u0438\u044f ISO 9001 \u0431\u044b\u043b\u0430 \u043e\u0431\u043d\u043e\u0432\u043b\u0435\u043d\u0430 \u043a\u0430\u043a ISO 9001:2015.<\/h3>\t\t\t\t<\/div>\n\t\t\t\t<\/div>\n\t\t\t\t\t<\/div>\n\t\t<\/div>\n\t\t\t\t\t<\/div>\n\t\t<\/section>\n\t\t\t\t<section class=\"elementor-section elementor-top-section elementor-element elementor-element-44e7e6e elementor-section-stretched elementor-section-boxed elementor-section-height-default elementor-section-height-default\" data-id=\"44e7e6e\" data-element_type=\"section\" data-e-type=\"section\" data-settings=\"{&quot;stretch_section&quot;:&quot;section-stretched&quot;}\">\n\t\t\t\t\t\t<div class=\"elementor-container elementor-column-gap-default\">\n\t\t\t\t\t<div class=\"elementor-column elementor-col-50 elementor-top-column elementor-element elementor-element-d1df7bd\" data-id=\"d1df7bd\" data-element_type=\"column\" data-e-type=\"column\">\n\t\t\t<div class=\"elementor-widget-wrap elementor-element-populated\">\n\t\t\t\t\t\t<div class=\"elementor-element elementor-element-4a5bb25 elementor-widget elementor-widget-text-editor\" data-id=\"4a5bb25\" data-element_type=\"widget\" data-e-type=\"widget\" data-widget_type=\"text-editor.default\">\n\t\t\t\t<div class=\"elementor-widget-container\">\n\t\t\t\t\t\t\t\t\t<div class=\"wp-block-column\"><p>\u041a\u0430\u043a \u043a\u043e\u043c\u043f\u0430\u043d\u0438\u044f \u0441 \u0441\u0435\u0440\u0442\u0438\u0444\u0438\u043a\u0430\u0442\u043e\u043c ISO 9001:2015, \u043c\u044b \u043e\u0447\u0435\u043d\u044c \u0441\u0435\u0440\u044c\u0435\u0437\u043d\u043e \u043e\u0442\u043d\u043e\u0441\u0438\u043c\u0441\u044f \u043a \u043a\u0430\u0447\u0435\u0441\u0442\u0432\u0443 \u0432\u043e \u0432\u0441\u0435\u0445 \u043d\u0430\u0448\u0438\u0445 \u0431\u0438\u0437\u043d\u0435\u0441-\u043f\u0440\u043e\u0446\u0435\u0441\u0441\u0430\u0445, \u043e\u0442 \u043f\u043b\u0430\u043d\u0438\u0440\u043e\u0432\u0430\u043d\u0438\u044f \u043f\u0440\u043e\u0438\u0437\u0432\u043e\u0434\u0441\u0442\u0432\u0430 \u0434\u043e \u043e\u0442\u0433\u0440\u0443\u0437\u043a\u0438 \u043a\u043e\u043d\u0435\u0447\u043d\u043e\u0433\u043e \u043f\u0440\u043e\u0434\u0443\u043a\u0442\u0430 \u0438 \u0443\u043f\u0440\u0430\u0432\u043b\u0435\u043d\u0438\u044f \u043e\u0442\u043d\u043e\u0448\u0435\u043d\u0438\u044f\u043c\u0438 \u0441 \u043a\u043b\u0438\u0435\u043d\u0442\u0430\u043c\u0438.<\/p><p>\u041f\u043e\u043c\u0438\u043c\u043e \u0443\u043f\u0440\u0430\u0432\u043b\u0435\u043d\u0438\u044f \u043f\u0440\u043e\u0446\u0435\u0441\u0441\u0430\u043c\u0438, \u043c\u044b \u0432\u0441\u0435\u0433\u0434\u0430 \u0441\u0442\u0440\u0435\u043c\u0438\u043c\u0441\u044f \u043f\u043e\u0434\u0434\u0435\u0440\u0436\u0438\u0432\u0430\u0442\u044c \u0443\u0434\u043e\u0432\u043b\u0435\u0442\u0432\u043e\u0440\u0435\u043d\u043d\u043e\u0441\u0442\u044c \u043a\u043b\u0438\u0435\u043d\u0442\u043e\u0432 \u043d\u0430 \u0441\u0430\u043c\u043e\u043c \u0432\u044b\u0441\u043e\u043a\u043e\u043c \u0443\u0440\u043e\u0432\u043d\u0435 \u0431\u043b\u0430\u0433\u043e\u0434\u0430\u0440\u044f \u043d\u0430\u0448\u0435\u0439 \u0441\u0442\u0440\u043e\u0433\u043e\u0439 \u043f\u0440\u0430\u043a\u0442\u0438\u043a\u0435 \u043a\u043e\u043d\u0442\u0440\u043e\u043b\u044f \u043a\u0430\u0447\u0435\u0441\u0442\u0432\u0430 \u0432\u043e \u0432\u0441\u0435\u0445 \u043f\u0440\u043e\u0438\u0437\u0432\u043e\u0434\u0438\u043c\u044b\u0445 \u043f\u0440\u043e\u0434\u0443\u043a\u0442\u0430\u0445.<\/p><\/div>\t\t\t\t\t\t\t\t<\/div>\n\t\t\t\t<\/div>\n\t\t\t\t\t<\/div>\n\t\t<\/div>\n\t\t\t\t<div class=\"elementor-column elementor-col-50 elementor-top-column elementor-element elementor-element-e2f3e1c\" data-id=\"e2f3e1c\" data-element_type=\"column\" data-e-type=\"column\">\n\t\t\t<div class=\"elementor-widget-wrap elementor-element-populated\">\n\t\t\t\t\t\t<div class=\"elementor-element elementor-element-5b8211f elementor-widget elementor-widget-image\" data-id=\"5b8211f\" data-element_type=\"widget\" data-e-type=\"widget\" data-widget_type=\"image.default\">\n\t\t\t\t<div class=\"elementor-widget-container\">\n\t\t\t\t\t\t\t\t\t\t\t\t\t\t\t<img loading=\"lazy\" decoding=\"async\" loading=\"lazy\" width=\"212\" height=\"300\" src=\"https:\/\/ft.com.tr\/ru\/wp-content\/uploads\/2018\/12\/TSC.jpg\" class=\"attachment-medium size-medium wp-image-348\" alt=\"\" srcset=\"https:\/\/ft.com.tr\/ru\/wp-content\/uploads\/2018\/12\/TSC.jpg 1654w, https:\/\/ft.com.tr\/ru\/wp-content\/uploads\/2018\/12\/TSC.jpg 212w, https:\/\/ft.com.tr\/ru\/wp-content\/uploads\/2018\/12\/TSC.jpg 768w, https:\/\/ft.com.tr\/ru\/wp-content\/uploads\/2018\/12\/TSC.jpg 724w\" sizes=\"auto, (max-width: 212px) 100vw, 212px\" \/>\t\t\t\t\t\t\t\t\t\t\t\t\t\t\t<\/div>\n\t\t\t\t<\/div>\n\t\t\t\t\t<\/div>\n\t\t<\/div>\n\t\t\t\t\t<\/div>\n\t\t<\/section>\n\t\t\t\t<section class=\"elementor-section elementor-top-section elementor-element elementor-element-83f7c9d elementor-section-stretched elementor-section-boxed elementor-section-height-default elementor-section-height-default\" data-id=\"83f7c9d\" data-element_type=\"section\" data-e-type=\"section\" data-settings=\"{&quot;stretch_section&quot;:&quot;section-stretched&quot;,&quot;background_background&quot;:&quot;classic&quot;}\">\n\t\t\t\t\t\t<div class=\"elementor-container elementor-column-gap-default\">\n\t\t\t\t\t<div class=\"elementor-column elementor-col-100 elementor-top-column elementor-element elementor-element-9dd899c\" data-id=\"9dd899c\" data-element_type=\"column\" data-e-type=\"column\">\n\t\t\t<div class=\"elementor-widget-wrap elementor-element-populated\">\n\t\t\t\t\t\t<div class=\"elementor-element elementor-element-0104252 elementor-widget elementor-widget-heading\" data-id=\"0104252\" data-element_type=\"widget\" data-e-type=\"widget\" data-widget_type=\"heading.default\">\n\t\t\t\t<div class=\"elementor-widget-container\">\n\t\t\t\t\t<h2 class=\"elementor-heading-title elementor-size-default\">\u041e\u0442\u0434\u0435\u043b \u041a\u0430\u0447\u0435\u0441\u0442\u0432\u0430<\/h2>\t\t\t\t<\/div>\n\t\t\t\t<\/div>\n\t\t\t\t\t<\/div>\n\t\t<\/div>\n\t\t\t\t\t<\/div>\n\t\t<\/section>\n\t\t\t\t<section class=\"elementor-section elementor-top-section elementor-element elementor-element-9d13f07 elementor-section-stretched elementor-section-boxed elementor-section-height-default elementor-section-height-default\" data-id=\"9d13f07\" data-element_type=\"section\" data-e-type=\"section\" data-settings=\"{&quot;stretch_section&quot;:&quot;section-stretched&quot;,&quot;background_background&quot;:&quot;classic&quot;}\">\n\t\t\t\t\t\t<div class=\"elementor-container elementor-column-gap-default\">\n\t\t\t\t\t<div class=\"elementor-column elementor-col-25 elementor-top-column elementor-element elementor-element-483f500\" data-id=\"483f500\" data-element_type=\"column\" data-e-type=\"column\">\n\t\t\t<div class=\"elementor-widget-wrap elementor-element-populated\">\n\t\t\t\t\t\t<div class=\"elementor-element elementor-element-ef74b8b elementor-widget elementor-widget-image\" data-id=\"ef74b8b\" data-element_type=\"widget\" data-e-type=\"widget\" data-widget_type=\"image.default\">\n\t\t\t\t<div class=\"elementor-widget-container\">\n\t\t\t\t\t\t\t\t\t\t\t\t\t\t\t<img loading=\"lazy\" decoding=\"async\" loading=\"lazy\" width=\"300\" height=\"250\" src=\"https:\/\/ft.com.tr\/ru\/wp-content\/uploads\/2019\/10\/kalite-departmani.jpg\" class=\"attachment-large size-large wp-image-1229\" alt=\"\" \/>\t\t\t\t\t\t\t\t\t\t\t\t\t\t\t<\/div>\n\t\t\t\t<\/div>\n\t\t\t\t\t<\/div>\n\t\t<\/div>\n\t\t\t\t<div class=\"elementor-column elementor-col-25 elementor-top-column elementor-element elementor-element-051fe6a\" data-id=\"051fe6a\" data-element_type=\"column\" data-e-type=\"column\">\n\t\t\t<div class=\"elementor-widget-wrap elementor-element-populated\">\n\t\t\t\t\t\t<div class=\"elementor-element elementor-element-b35d4ad elementor-widget elementor-widget-image\" data-id=\"b35d4ad\" data-element_type=\"widget\" data-e-type=\"widget\" data-widget_type=\"image.default\">\n\t\t\t\t<div class=\"elementor-widget-container\">\n\t\t\t\t\t\t\t\t\t\t\t\t\t\t\t<img loading=\"lazy\" decoding=\"async\" loading=\"lazy\" width=\"300\" height=\"250\" src=\"https:\/\/ft.com.tr\/ru\/wp-content\/uploads\/2019\/10\/kalite-departmani-1.jpg\" class=\"attachment-large size-large wp-image-1230\" alt=\"\" \/>\t\t\t\t\t\t\t\t\t\t\t\t\t\t\t<\/div>\n\t\t\t\t<\/div>\n\t\t\t\t\t<\/div>\n\t\t<\/div>\n\t\t\t\t<div class=\"elementor-column elementor-col-25 elementor-top-column elementor-element elementor-element-388e08e\" data-id=\"388e08e\" data-element_type=\"column\" data-e-type=\"column\">\n\t\t\t<div class=\"elementor-widget-wrap elementor-element-populated\">\n\t\t\t\t\t\t<div class=\"elementor-element elementor-element-d284cb8 elementor-widget elementor-widget-image\" data-id=\"d284cb8\" data-element_type=\"widget\" data-e-type=\"widget\" data-widget_type=\"image.default\">\n\t\t\t\t<div class=\"elementor-widget-container\">\n\t\t\t\t\t\t\t\t\t\t\t\t\t\t\t<img loading=\"lazy\" decoding=\"async\" loading=\"lazy\" width=\"300\" height=\"250\" src=\"https:\/\/ft.com.tr\/ru\/wp-content\/uploads\/2019\/10\/kalite-departmani-2.jpg\" class=\"attachment-large size-large wp-image-1231\" alt=\"kalite laboratuar\" \/>\t\t\t\t\t\t\t\t\t\t\t\t\t\t\t<\/div>\n\t\t\t\t<\/div>\n\t\t\t\t\t<\/div>\n\t\t<\/div>\n\t\t\t\t<div class=\"elementor-column elementor-col-25 elementor-top-column elementor-element elementor-element-9e7bff4\" data-id=\"9e7bff4\" data-element_type=\"column\" data-e-type=\"column\">\n\t\t\t<div class=\"elementor-widget-wrap elementor-element-populated\">\n\t\t\t\t\t\t<div class=\"elementor-element elementor-element-661fe33 elementor-widget elementor-widget-image\" data-id=\"661fe33\" data-element_type=\"widget\" data-e-type=\"widget\" data-widget_type=\"image.default\">\n\t\t\t\t<div class=\"elementor-widget-container\">\n\t\t\t\t\t\t\t\t\t\t\t\t\t\t\t<img loading=\"lazy\" decoding=\"async\" loading=\"lazy\" width=\"300\" height=\"250\" src=\"https:\/\/ft.com.tr\/ru\/wp-content\/uploads\/2019\/10\/kalite-departmani-3.jpg\" class=\"attachment-large size-large wp-image-1232\" alt=\"\" \/>\t\t\t\t\t\t\t\t\t\t\t\t\t\t\t<\/div>\n\t\t\t\t<\/div>\n\t\t\t\t\t<\/div>\n\t\t<\/div>\n\t\t\t\t\t<\/div>\n\t\t<\/section>\n\t\t\t\t<\/div>\n\t\t","protected":false},"excerpt":{"rendered":"<p>\u0421\u0438\u0441\u0442\u0435\u043c\u0430 \u0423\u043f\u0440\u0430\u0432\u043b\u0435\u043d\u0438\u044f \u041a\u0430\u0447\u0435\u0441\u0442\u0432\u043e\u043c \u0412 2018 \u0433\u043e\u0434\u0443 \u043d\u0430\u0448\u0430 \u0441\u0438\u0441\u0442\u0435\u043c\u0430 \u0443\u043f\u0440\u0430\u0432\u043b\u0435\u043d\u0438\u044f ISO 9001 \u0431\u044b\u043b\u0430 \u043e\u0431\u043d\u043e\u0432\u043b\u0435\u043d\u0430 \u043a\u0430\u043a ISO 9001:2015. \u041a\u0430\u043a \u043a\u043e\u043c\u043f\u0430\u043d\u0438\u044f \u0441 \u0441\u0435\u0440\u0442\u0438\u0444\u0438\u043a\u0430\u0442\u043e\u043c ISO 9001:2015, \u043c\u044b \u043e\u0447\u0435\u043d\u044c \u0441\u0435\u0440\u044c\u0435\u0437\u043d\u043e \u043e\u0442\u043d\u043e\u0441\u0438\u043c\u0441\u044f \u043a \u043a\u0430\u0447\u0435\u0441\u0442\u0432\u0443 \u0432\u043e \u0432\u0441\u0435\u0445 \u043d\u0430\u0448\u0438\u0445 \u0431\u0438\u0437\u043d\u0435\u0441-\u043f\u0440\u043e\u0446\u0435\u0441\u0441\u0430\u0445, \u043e\u0442 \u043f\u043b\u0430\u043d\u0438\u0440\u043e\u0432\u0430\u043d\u0438\u044f \u043f\u0440\u043e\u0438\u0437\u0432\u043e\u0434\u0441\u0442\u0432\u0430 \u0434\u043e \u043e\u0442\u0433\u0440\u0443\u0437\u043a\u0438 \u043a\u043e\u043d\u0435\u0447\u043d\u043e\u0433\u043e \u043f\u0440\u043e\u0434\u0443\u043a\u0442\u0430 \u0438 \u0443\u043f\u0440\u0430\u0432\u043b\u0435\u043d\u0438\u044f \u043e\u0442\u043d\u043e\u0448\u0435\u043d\u0438\u044f\u043c\u0438 \u0441 \u043a\u043b\u0438\u0435\u043d\u0442\u0430\u043c\u0438. \u041f\u043e\u043c\u0438\u043c\u043e \u0443\u043f\u0440\u0430\u0432\u043b\u0435\u043d\u0438\u044f \u043f\u0440\u043e\u0446\u0435\u0441\u0441\u0430\u043c\u0438, \u043c\u044b \u0432\u0441\u0435\u0433\u0434\u0430 \u0441\u0442\u0440\u0435\u043c\u0438\u043c\u0441\u044f \u043f\u043e\u0434\u0434\u0435\u0440\u0436\u0438\u0432\u0430\u0442\u044c \u0443\u0434\u043e\u0432\u043b\u0435\u0442\u0432\u043e\u0440\u0435\u043d\u043d\u043e\u0441\u0442\u044c \u043a\u043b\u0438\u0435\u043d\u0442\u043e\u0432 \u043d\u0430 \u0441\u0430\u043c\u043e\u043c &#8230; <a title=\"Kalite\" class=\"read-more\" href=\"https:\/\/ft.com.tr\/ru\/kurumsal\/kalite-politikamiz\/\">Read more<\/a><\/p>\n","protected":false},"author":1,"featured_media":0,"parent":647,"menu_order":0,"comment_status":"closed","ping_status":"closed","template":"","meta":{"nf_dc_page":"","_crdt_document":"","om_disable_all_campaigns":false,"_monsterinsights_skip_tracking":false,"_monsterinsights_sitenote_active":false,"_monsterinsights_sitenote_note":"","_monsterinsights_sitenote_category":0,"footnotes":""},"class_list":["post-634","page","type-page","status-publish"],"yoast_head":"<!-- This site is optimized with the Yoast SEO plugin v27.5 - https:\/\/yoast.com\/product\/yoast-seo-wordpress\/ -->\n<title>Kalite - FT Metal<\/title>\n<meta name=\"robots\" content=\"index, follow, max-snippet:-1, max-image-preview:large, max-video-preview:-1\" \/>\n<link rel=\"canonical\" href=\"https:\/\/ft.com.tr\/ru\/kurumsal\/kalite-politikamiz\/\" \/>\n<meta property=\"og:locale\" content=\"ru_RU\" \/>\n<meta property=\"og:type\" content=\"article\" \/>\n<meta property=\"og:title\" content=\"Kalite - FT Metal\" \/>\n<meta property=\"og:description\" content=\"\u0421\u0438\u0441\u0442\u0435\u043c\u0430 \u0423\u043f\u0440\u0430\u0432\u043b\u0435\u043d\u0438\u044f \u041a\u0430\u0447\u0435\u0441\u0442\u0432\u043e\u043c \u0412 2018 \u0433\u043e\u0434\u0443 \u043d\u0430\u0448\u0430 \u0441\u0438\u0441\u0442\u0435\u043c\u0430 \u0443\u043f\u0440\u0430\u0432\u043b\u0435\u043d\u0438\u044f ISO 9001 \u0431\u044b\u043b\u0430 \u043e\u0431\u043d\u043e\u0432\u043b\u0435\u043d\u0430 \u043a\u0430\u043a ISO 9001:2015. \u041a\u0430\u043a \u043a\u043e\u043c\u043f\u0430\u043d\u0438\u044f \u0441 \u0441\u0435\u0440\u0442\u0438\u0444\u0438\u043a\u0430\u0442\u043e\u043c ISO 9001:2015, \u043c\u044b \u043e\u0447\u0435\u043d\u044c \u0441\u0435\u0440\u044c\u0435\u0437\u043d\u043e \u043e\u0442\u043d\u043e\u0441\u0438\u043c\u0441\u044f \u043a \u043a\u0430\u0447\u0435\u0441\u0442\u0432\u0443 \u0432\u043e \u0432\u0441\u0435\u0445 \u043d\u0430\u0448\u0438\u0445 \u0431\u0438\u0437\u043d\u0435\u0441-\u043f\u0440\u043e\u0446\u0435\u0441\u0441\u0430\u0445, \u043e\u0442 \u043f\u043b\u0430\u043d\u0438\u0440\u043e\u0432\u0430\u043d\u0438\u044f \u043f\u0440\u043e\u0438\u0437\u0432\u043e\u0434\u0441\u0442\u0432\u0430 \u0434\u043e \u043e\u0442\u0433\u0440\u0443\u0437\u043a\u0438 \u043a\u043e\u043d\u0435\u0447\u043d\u043e\u0433\u043e \u043f\u0440\u043e\u0434\u0443\u043a\u0442\u0430 \u0438 \u0443\u043f\u0440\u0430\u0432\u043b\u0435\u043d\u0438\u044f \u043e\u0442\u043d\u043e\u0448\u0435\u043d\u0438\u044f\u043c\u0438 \u0441 \u043a\u043b\u0438\u0435\u043d\u0442\u0430\u043c\u0438. \u041f\u043e\u043c\u0438\u043c\u043e \u0443\u043f\u0440\u0430\u0432\u043b\u0435\u043d\u0438\u044f \u043f\u0440\u043e\u0446\u0435\u0441\u0441\u0430\u043c\u0438, \u043c\u044b \u0432\u0441\u0435\u0433\u0434\u0430 \u0441\u0442\u0440\u0435\u043c\u0438\u043c\u0441\u044f \u043f\u043e\u0434\u0434\u0435\u0440\u0436\u0438\u0432\u0430\u0442\u044c \u0443\u0434\u043e\u0432\u043b\u0435\u0442\u0432\u043e\u0440\u0435\u043d\u043d\u043e\u0441\u0442\u044c \u043a\u043b\u0438\u0435\u043d\u0442\u043e\u0432 \u043d\u0430 \u0441\u0430\u043c\u043e\u043c ... Read more\" \/>\n<meta property=\"og:url\" content=\"https:\/\/ft.com.tr\/ru\/kurumsal\/kalite-politikamiz\/\" \/>\n<meta property=\"og:site_name\" content=\"FT Metal\" \/>\n<meta property=\"article:modified_time\" content=\"2021-01-05T05:16:29+00:00\" \/>\n<meta property=\"og:image\" content=\"https:\/\/ft.com.tr\/ru\/wp-content\/uploads\/2018\/12\/TSC-212x300.jpg\" \/>\n<meta name=\"twitter:card\" content=\"summary_large_image\" \/>\n<script type=\"application\/ld+json\" class=\"yoast-schema-graph\">{\"@context\":\"https:\\\/\\\/schema.org\",\"@graph\":[{\"@type\":\"WebPage\",\"@id\":\"https:\\\/\\\/ft.com.tr\\\/ru\\\/kurumsal\\\/kalite-politikamiz\\\/\",\"url\":\"https:\\\/\\\/ft.com.tr\\\/ru\\\/kurumsal\\\/kalite-politikamiz\\\/\",\"name\":\"Kalite - FT Metal\",\"isPartOf\":{\"@id\":\"https:\\\/\\\/ft.com.tr\\\/ru\\\/#website\"},\"primaryImageOfPage\":{\"@id\":\"https:\\\/\\\/ft.com.tr\\\/ru\\\/kurumsal\\\/kalite-politikamiz\\\/#primaryimage\"},\"image\":{\"@id\":\"https:\\\/\\\/ft.com.tr\\\/ru\\\/kurumsal\\\/kalite-politikamiz\\\/#primaryimage\"},\"thumbnailUrl\":\"https:\\\/\\\/ft.com.tr\\\/ru\\\/wp-content\\\/uploads\\\/2018\\\/12\\\/TSC-212x300.jpg\",\"datePublished\":\"2019-03-04T07:14:51+00:00\",\"dateModified\":\"2021-01-05T05:16:29+00:00\",\"breadcrumb\":{\"@id\":\"https:\\\/\\\/ft.com.tr\\\/ru\\\/kurumsal\\\/kalite-politikamiz\\\/#breadcrumb\"},\"inLanguage\":\"ru-RU\",\"potentialAction\":[{\"@type\":\"ReadAction\",\"target\":[\"https:\\\/\\\/ft.com.tr\\\/ru\\\/kurumsal\\\/kalite-politikamiz\\\/\"]}]},{\"@type\":\"ImageObject\",\"inLanguage\":\"ru-RU\",\"@id\":\"https:\\\/\\\/ft.com.tr\\\/ru\\\/kurumsal\\\/kalite-politikamiz\\\/#primaryimage\",\"url\":\"https:\\\/\\\/ft.com.tr\\\/ru\\\/wp-content\\\/uploads\\\/2018\\\/12\\\/TSC.jpg\",\"contentUrl\":\"https:\\\/\\\/ft.com.tr\\\/ru\\\/wp-content\\\/uploads\\\/2018\\\/12\\\/TSC.jpg\",\"width\":1654,\"height\":2338},{\"@type\":\"BreadcrumbList\",\"@id\":\"https:\\\/\\\/ft.com.tr\\\/ru\\\/kurumsal\\\/kalite-politikamiz\\\/#breadcrumb\",\"itemListElement\":[{\"@type\":\"ListItem\",\"position\":1,\"name\":\"Ana sayfa\",\"item\":\"https:\\\/\\\/ft.com.tr\\\/ru\\\/\"},{\"@type\":\"ListItem\",\"position\":2,\"name\":\"Kurumsal\",\"item\":\"https:\\\/\\\/ft.com.tr\\\/ru\\\/kurumsal\\\/\"},{\"@type\":\"ListItem\",\"position\":3,\"name\":\"Kalite\"}]},{\"@type\":\"WebSite\",\"@id\":\"https:\\\/\\\/ft.com.tr\\\/ru\\\/#website\",\"url\":\"https:\\\/\\\/ft.com.tr\\\/ru\\\/\",\"name\":\"FT Metal\",\"description\":\"\",\"publisher\":{\"@id\":\"https:\\\/\\\/ft.com.tr\\\/ru\\\/#organization\"},\"potentialAction\":[{\"@type\":\"SearchAction\",\"target\":{\"@type\":\"EntryPoint\",\"urlTemplate\":\"https:\\\/\\\/ft.com.tr\\\/ru\\\/?s={search_term_string}\"},\"query-input\":{\"@type\":\"PropertyValueSpecification\",\"valueRequired\":true,\"valueName\":\"search_term_string\"}}],\"inLanguage\":\"ru-RU\"},{\"@type\":\"Organization\",\"@id\":\"https:\\\/\\\/ft.com.tr\\\/ru\\\/#organization\",\"name\":\"FT Metal ve Ba\u011flant\u0131 Ekipmanlar\u0131 San. Tic. A.\u015e.\",\"url\":\"https:\\\/\\\/ft.com.tr\\\/ru\\\/\",\"logo\":{\"@type\":\"ImageObject\",\"inLanguage\":\"ru-RU\",\"@id\":\"https:\\\/\\\/ft.com.tr\\\/ru\\\/#\\\/schema\\\/logo\\\/image\\\/\",\"url\":\"https:\\\/\\\/ft.com.tr\\\/ru\\\/wp-content\\\/uploads\\\/2018\\\/12\\\/logo-ft.png\",\"contentUrl\":\"https:\\\/\\\/ft.com.tr\\\/ru\\\/wp-content\\\/uploads\\\/2018\\\/12\\\/logo-ft.png\",\"width\":81,\"height\":55,\"caption\":\"FT Metal ve Ba\u011flant\u0131 Ekipmanlar\u0131 San. Tic. A.\u015e.\"},\"image\":{\"@id\":\"https:\\\/\\\/ft.com.tr\\\/ru\\\/#\\\/schema\\\/logo\\\/image\\\/\"}}]}<\/script>\n<!-- \/ Yoast SEO plugin. -->","yoast_head_json":{"title":"Kalite - FT Metal","robots":{"index":"index","follow":"follow","max-snippet":"max-snippet:-1","max-image-preview":"max-image-preview:large","max-video-preview":"max-video-preview:-1"},"canonical":"https:\/\/ft.com.tr\/ru\/kurumsal\/kalite-politikamiz\/","og_locale":"ru_RU","og_type":"article","og_title":"Kalite - FT Metal","og_description":"\u0421\u0438\u0441\u0442\u0435\u043c\u0430 \u0423\u043f\u0440\u0430\u0432\u043b\u0435\u043d\u0438\u044f \u041a\u0430\u0447\u0435\u0441\u0442\u0432\u043e\u043c \u0412 2018 \u0433\u043e\u0434\u0443 \u043d\u0430\u0448\u0430 \u0441\u0438\u0441\u0442\u0435\u043c\u0430 \u0443\u043f\u0440\u0430\u0432\u043b\u0435\u043d\u0438\u044f ISO 9001 \u0431\u044b\u043b\u0430 \u043e\u0431\u043d\u043e\u0432\u043b\u0435\u043d\u0430 \u043a\u0430\u043a ISO 9001:2015. \u041a\u0430\u043a \u043a\u043e\u043c\u043f\u0430\u043d\u0438\u044f \u0441 \u0441\u0435\u0440\u0442\u0438\u0444\u0438\u043a\u0430\u0442\u043e\u043c ISO 9001:2015, \u043c\u044b \u043e\u0447\u0435\u043d\u044c \u0441\u0435\u0440\u044c\u0435\u0437\u043d\u043e \u043e\u0442\u043d\u043e\u0441\u0438\u043c\u0441\u044f \u043a \u043a\u0430\u0447\u0435\u0441\u0442\u0432\u0443 \u0432\u043e \u0432\u0441\u0435\u0445 \u043d\u0430\u0448\u0438\u0445 \u0431\u0438\u0437\u043d\u0435\u0441-\u043f\u0440\u043e\u0446\u0435\u0441\u0441\u0430\u0445, \u043e\u0442 \u043f\u043b\u0430\u043d\u0438\u0440\u043e\u0432\u0430\u043d\u0438\u044f \u043f\u0440\u043e\u0438\u0437\u0432\u043e\u0434\u0441\u0442\u0432\u0430 \u0434\u043e \u043e\u0442\u0433\u0440\u0443\u0437\u043a\u0438 \u043a\u043e\u043d\u0435\u0447\u043d\u043e\u0433\u043e \u043f\u0440\u043e\u0434\u0443\u043a\u0442\u0430 \u0438 \u0443\u043f\u0440\u0430\u0432\u043b\u0435\u043d\u0438\u044f \u043e\u0442\u043d\u043e\u0448\u0435\u043d\u0438\u044f\u043c\u0438 \u0441 \u043a\u043b\u0438\u0435\u043d\u0442\u0430\u043c\u0438. \u041f\u043e\u043c\u0438\u043c\u043e \u0443\u043f\u0440\u0430\u0432\u043b\u0435\u043d\u0438\u044f \u043f\u0440\u043e\u0446\u0435\u0441\u0441\u0430\u043c\u0438, \u043c\u044b \u0432\u0441\u0435\u0433\u0434\u0430 \u0441\u0442\u0440\u0435\u043c\u0438\u043c\u0441\u044f \u043f\u043e\u0434\u0434\u0435\u0440\u0436\u0438\u0432\u0430\u0442\u044c \u0443\u0434\u043e\u0432\u043b\u0435\u0442\u0432\u043e\u0440\u0435\u043d\u043d\u043e\u0441\u0442\u044c \u043a\u043b\u0438\u0435\u043d\u0442\u043e\u0432 \u043d\u0430 \u0441\u0430\u043c\u043e\u043c ... Read more","og_url":"https:\/\/ft.com.tr\/ru\/kurumsal\/kalite-politikamiz\/","og_site_name":"FT Metal","article_modified_time":"2021-01-05T05:16:29+00:00","og_image":[{"url":"https:\/\/ft.com.tr\/ru\/wp-content\/uploads\/2018\/12\/TSC-212x300.jpg","type":"","width":"","height":""}],"twitter_card":"summary_large_image","schema":{"@context":"https:\/\/schema.org","@graph":[{"@type":"WebPage","@id":"https:\/\/ft.com.tr\/ru\/kurumsal\/kalite-politikamiz\/","url":"https:\/\/ft.com.tr\/ru\/kurumsal\/kalite-politikamiz\/","name":"Kalite - FT Metal","isPartOf":{"@id":"https:\/\/ft.com.tr\/ru\/#website"},"primaryImageOfPage":{"@id":"https:\/\/ft.com.tr\/ru\/kurumsal\/kalite-politikamiz\/#primaryimage"},"image":{"@id":"https:\/\/ft.com.tr\/ru\/kurumsal\/kalite-politikamiz\/#primaryimage"},"thumbnailUrl":"https:\/\/ft.com.tr\/ru\/wp-content\/uploads\/2018\/12\/TSC-212x300.jpg","datePublished":"2019-03-04T07:14:51+00:00","dateModified":"2021-01-05T05:16:29+00:00","breadcrumb":{"@id":"https:\/\/ft.com.tr\/ru\/kurumsal\/kalite-politikamiz\/#breadcrumb"},"inLanguage":"ru-RU","potentialAction":[{"@type":"ReadAction","target":["https:\/\/ft.com.tr\/ru\/kurumsal\/kalite-politikamiz\/"]}]},{"@type":"ImageObject","inLanguage":"ru-RU","@id":"https:\/\/ft.com.tr\/ru\/kurumsal\/kalite-politikamiz\/#primaryimage","url":"https:\/\/ft.com.tr\/ru\/wp-content\/uploads\/2018\/12\/TSC.jpg","contentUrl":"https:\/\/ft.com.tr\/ru\/wp-content\/uploads\/2018\/12\/TSC.jpg","width":1654,"height":2338},{"@type":"BreadcrumbList","@id":"https:\/\/ft.com.tr\/ru\/kurumsal\/kalite-politikamiz\/#breadcrumb","itemListElement":[{"@type":"ListItem","position":1,"name":"Ana sayfa","item":"https:\/\/ft.com.tr\/ru\/"},{"@type":"ListItem","position":2,"name":"Kurumsal","item":"https:\/\/ft.com.tr\/ru\/kurumsal\/"},{"@type":"ListItem","position":3,"name":"Kalite"}]},{"@type":"WebSite","@id":"https:\/\/ft.com.tr\/ru\/#website","url":"https:\/\/ft.com.tr\/ru\/","name":"FT Metal","description":"","publisher":{"@id":"https:\/\/ft.com.tr\/ru\/#organization"},"potentialAction":[{"@type":"SearchAction","target":{"@type":"EntryPoint","urlTemplate":"https:\/\/ft.com.tr\/ru\/?s={search_term_string}"},"query-input":{"@type":"PropertyValueSpecification","valueRequired":true,"valueName":"search_term_string"}}],"inLanguage":"ru-RU"},{"@type":"Organization","@id":"https:\/\/ft.com.tr\/ru\/#organization","name":"FT Metal ve Ba\u011flant\u0131 Ekipmanlar\u0131 San. Tic. A.\u015e.","url":"https:\/\/ft.com.tr\/ru\/","logo":{"@type":"ImageObject","inLanguage":"ru-RU","@id":"https:\/\/ft.com.tr\/ru\/#\/schema\/logo\/image\/","url":"https:\/\/ft.com.tr\/ru\/wp-content\/uploads\/2018\/12\/logo-ft.png","contentUrl":"https:\/\/ft.com.tr\/ru\/wp-content\/uploads\/2018\/12\/logo-ft.png","width":81,"height":55,"caption":"FT Metal ve Ba\u011flant\u0131 Ekipmanlar\u0131 San. Tic. A.\u015e."},"image":{"@id":"https:\/\/ft.com.tr\/ru\/#\/schema\/logo\/image\/"}}]}},"jetpack_sharing_enabled":true,"_links":{"self":[{"href":"https:\/\/ft.com.tr\/ru\/wp-json\/wp\/v2\/pages\/634","targetHints":{"allow":["GET"]}}],"collection":[{"href":"https:\/\/ft.com.tr\/ru\/wp-json\/wp\/v2\/pages"}],"about":[{"href":"https:\/\/ft.com.tr\/ru\/wp-json\/wp\/v2\/types\/page"}],"author":[{"embeddable":true,"href":"https:\/\/ft.com.tr\/ru\/wp-json\/wp\/v2\/users\/1"}],"replies":[{"embeddable":true,"href":"https:\/\/ft.com.tr\/ru\/wp-json\/wp\/v2\/comments?post=634"}],"version-history":[{"count":24,"href":"https:\/\/ft.com.tr\/ru\/wp-json\/wp\/v2\/pages\/634\/revisions"}],"predecessor-version":[{"id":1614,"href":"https:\/\/ft.com.tr\/ru\/wp-json\/wp\/v2\/pages\/634\/revisions\/1614"}],"up":[{"embeddable":true,"href":"https:\/\/ft.com.tr\/ru\/wp-json\/wp\/v2\/pages\/647"}],"wp:attachment":[{"href":"https:\/\/ft.com.tr\/ru\/wp-json\/wp\/v2\/media?parent=634"}],"curies":[{"name":"wp","href":"https:\/\/api.w.org\/{rel}","templated":true}]}}